{"id":6,"date":"2016-09-27T18:13:40","date_gmt":"2016-09-27T16:13:40","guid":{"rendered":"http:\/\/mjcmaisondesuede.fr\/?page_id=6"},"modified":"2018-01-23T15:06:31","modified_gmt":"2018-01-23T14:06:31","slug":"mjc-maison-de-suede","status":"publish","type":"page","link":"https:\/\/mjcmaisondesuede.fr\/","title":{"rendered":"MJC Maison de Suede"},"content":{"rendered":"<p><img loading=\"lazy\" class=\"alignnone size-full wp-image-11 alignleft\" src=\"https:\/\/mjcmaisondesuede.fr\/wp-content\/uploads\/2016\/09\/1-1.jpeg.jpg\" alt=\"1-1.jpeg\" width=\"287\" height=\"175\" \/>1) La MJC Maison de Su\u00e8de est une association r\u00e9git par la loi de 1901. Elle propose un accueil collectif des mineurs qui ont fait l&rsquo;objet d&rsquo;une d\u00e9claration aupr\u00e8s de la DDCSPP. Bien plus qu&rsquo;une garderie, la MJC maison de Su\u00e8de accueille les mineurs afin de leur offrir un cadre \u00e9ducatif et les remettre dans le droit chemin. La ville de Rennes, l&rsquo;Etat ainsi que le Conseil g\u00e9n\u00e9ral assurent la subvention de cette association qui ne peut r\u00e9aliser de b\u00e9n\u00e9fices puisqu&rsquo;elle n&rsquo;est pas une entreprise commerciale. Cette association jouit \u00e9galement de prestations de services ainsi que de r\u00e9guli\u00e8res participations des familles. Son pr\u00e9sident se nomme Victor Simon. Il est guid\u00e9 par sa volont\u00e9 ancr\u00e9e de venir en aide \u00e0 ses enfants qui sont l&rsquo;avenir du pays et qui m\u00e9ritent, comme tous les enfants, qu&rsquo;une main leur soit tendue. Tous les enfants \u00e2g\u00e9s de 6 \u00e0 17 ans peuvent \u00eatre accueillis dans cette association. Les familles et enfants sont accueillis par une \u00e9quipe de professionnels qui sont dipl\u00f4m\u00e9s et comp\u00e9tents pour encadrer et intervenir dans l&rsquo;\u00e9ducation d&rsquo;enfants. ils exercent dans le cadre r\u00e9glementaire mis en place par la DDCSPP. Cette espace de rencontre met en oeuvre des animations diversifi\u00e9es dans le but de savoir agir et vivre ensemble. Un point d&rsquo;honneur est apport\u00e9 au respect des personnes mais \u00e9galement du mat\u00e9riel, des locaux, des r\u00e8gles de vie collection. Aucune forme d&rsquo;exclusion n&rsquo;y est tol\u00e9r\u00e9e et les familles et enfants profiteront d&rsquo;une confidentialit\u00e9 tr\u00e8s stricte.<\/p>\n<p>&nbsp;<\/p>\n<p>2) N&rsquo;est pas <a href=\"http:\/\/demenageur.com\">demenageur<\/a> qui veut et peu de personnes peuvent pr\u00e9tendre pouvoir organiser leur d\u00e9m\u00e9nagement seul. En effet, de nombreuses r\u00e8gles et proc\u00e9dures doivent \u00eatre respect\u00e9es pour un <a href=\"http:\/\/demenageur.com\/demenagement\/\">demenagement<\/a> r\u00e9ussit. Tout d&rsquo;abord, il faut proc\u00e9der au d\u00e9montage des meubles ainsi qu&rsquo;\u00e0 leur empaquetage. L&#8217;emballage des meubles convient d&rsquo;\u00eatre effectu\u00e9 de mani\u00e8re pr\u00e9cise. En effet, les cartons doivent \u00eatre class\u00e9s afin de pouvoir retrouver tous les objets et meubles facilement lorsqu&rsquo;il faudra d\u00e9baller les cartons. Les d\u00e9m\u00e9nageurs professionnels effectuent tout cela avec efficacit\u00e9 et rapidit\u00e9. Les objets et meubles doivent \u00eatre manipul\u00e9s avec soin, dispos\u00e9s dans un utilitaire suffisamment grand pour tous les contenir et de mani\u00e8re \u00e0 ce que les objets et meubles ne souffrent d&rsquo;aucun dommage durant le trajet. Enfin, les objets et meubles devront \u00eatre d\u00e9ball\u00e9s, r\u00e9install\u00e9s dans les nouveaux locaux et remont\u00e9s. Il s&rsquo;agit d&rsquo;un travail de dur labeur dans lequel se distinguent plusieurs entreprises telles que qui pratique par ailleurs des <a href=\"http:\/\/demenageur.com\/devis-demenagement\/\">devis demenagement<\/a> extr\u00eamement comp\u00e9titifs en proposant des formules qui s&rsquo;adaptent \u00e0 tous les budgets. Enfin, n&rsquo;oubliez pas de pr\u00e9voir un dans le cas o\u00f9 les locaux ou les logements dans lesquels vous d\u00e9m\u00e9nagez ne sont pas disponibles.<\/p>\n<p>Demenagement Paris : <a href=\"http:\/\/demenageur.com\/demenagement-paris-75\/\">demenageur.com\/demenagement-paris-75\/<\/a><\/p>\n<p>3)L &lsquo; <a href=\"http:\/\/lassurancevie.fr\">assurance vie<\/a> est un contrat bancaire tr\u00e8s pris\u00e9 qui permet de placer de l&rsquo;argent pour soi ou pour ses proches. Il existe deux cat\u00e9gories d&rsquo;assurances vie. L&rsquo;assurance vie en cas de vie, pour commencer. Il s&rsquo;agit ni plus ni moins d&rsquo;un placement bancaire puisque le souscripteur du contrat peut se nommer lui m\u00eame comme b\u00e9n\u00e9ficiaire. Dans ce cas l\u00e0, il aura la possibilit\u00e9 de placer de l&rsquo;argent ou du capital sur un compte qu&rsquo;il pourra faire fructifier pendant plusieurs ann\u00e9es. En effet, les assurances vie jouissent d&rsquo;un taux relativement int\u00e9ressant. La seconde cat\u00e9gorie est l&rsquo;assurance vie en cas de d\u00e9c\u00e8s. Elle est souscrite par une personne qui souhaiterait laisser une garantie en termes de rente ou de capital \u00e0 ses proches lorsque surviendrait son d\u00e9c\u00e8s. C&rsquo;est uniquement \u00e0 son d\u00e9c\u00e8s que ses proches recevront ce qu&rsquo;il a plac\u00e9 pour eux sur un compte. De la m\u00eame mani\u00e8re, le capital ou la rente plac\u00e9e pourra fructifier jusqu&rsquo;au d\u00e9c\u00e8s. Il s&rsquo;agit d&rsquo;un contrat tr\u00e8s int\u00e9ressant autant dans un cas que dans l&rsquo;autre.<\/p>\n<p>&nbsp;<\/p>\n<p>4) Le visa est une autorisation d&rsquo;acc\u00e9der \u00e0 un pays. Il se traduit par une vignette ou un tampon appos\u00e9 sur le passeport. il se r\u00e9clame aupr\u00e8s de l&rsquo;ambassade de France ou du consulat du pays convoit\u00e9. Selon que vous demandiez un <a href=\"http:\/\/visachine.fr\">visa chine<\/a> , visa russie , visa inde , visa vietnam ou un visa pour un autre pays, il convient de s&rsquo;y prendre en avance car les d\u00e9lais d&rsquo;obtention ainsi que les conditions d&rsquo;obtention du visa diff\u00e8rent. D&rsquo;autant que certains pays peuvent exiger une validit\u00e9 minimale du passeport et d&rsquo;autres non. Il est indispensable de bien se renseigner sur le type de papiers exig\u00e9s.<\/p>\n<p>&nbsp;<\/p>\n<p>5) Partir en croisiere consiste en partir dans un club de vacances mais sur un bateau. En effet, les bateaux de croisi\u00e8res offrent la possibilit\u00e9 aux vacanciers de pouvoir se restaurer dans de nombreux restaurants au sein du m\u00eame bateau mais \u00e9galement de s&rsquo;abreuver dans les nombreux bars. Diverses animations pour petits et grands sont constamment propos\u00e9es pour satisfaire enfants et adultes et s&rsquo;assurer de faire passer \u00e0 tous des vacances inoubliables. Il existe diff\u00e9rentes formules de croisi\u00e8res qui sont con\u00e7ues pour s&rsquo;adapter \u00e0 tous les budgets, aux petites comme aux grandes familles et \u00e0 toutes les envies. L&rsquo;avantage de la croisi\u00e8re est qu&rsquo;elle offre le luxe de s&rsquo;amuser sur un bateau tout en visitant les pays au large duquel le bateau accoste. Partir en croisi\u00e8re, c&rsquo;est s&rsquo;assurer de passer des vacances inoubliables aux panoramas incroyables.<\/p>\n<p><a href=\"https:\/\/ledabelle.com\/\">Consultez ce site pour d\u00e9couvrir de l&rsquo;info et trouver des prestataires s\u00e9rieux<\/a><\/p>\n<p class=\"p1\">\n","protected":false},"excerpt":{"rendered":"<p>1) La MJC Maison de Su\u00e8de est une association r\u00e9git par la loi de 1901. Elle propose un accueil collectif des mineurs qui ont fait l&rsquo;objet d&rsquo;une d\u00e9claration aupr\u00e8s de la DDCSPP. Bien plus qu&rsquo;une garderie, la MJC maison de Su\u00e8de accueille les mineurs afin de leur offrir un cadre \u00e9ducatif et les remettre dans [&hellip;]<\/p>\n","protected":false},"author":1,"featured_media":0,"parent":0,"menu_order":0,"comment_status":"closed","ping_status":"closed","template":"","meta":[],"_links":{"self":[{"href":"https:\/\/mjcmaisondesuede.fr\/index.php\/wp-json\/wp\/v2\/pages\/6"}],"collection":[{"href":"https:\/\/mjcmaisondesuede.fr\/index.php\/wp-json\/wp\/v2\/pages"}],"about":[{"href":"https:\/\/mjcmaisondesuede.fr\/index.php\/wp-json\/wp\/v2\/types\/page"}],"author":[{"embeddable":true,"href":"https:\/\/mjcmaisondesuede.fr\/index.php\/wp-json\/wp\/v2\/users\/1"}],"replies":[{"embeddable":true,"href":"https:\/\/mjcmaisondesuede.fr\/index.php\/wp-json\/wp\/v2\/comments?post=6"}],"version-history":[{"count":6,"href":"https:\/\/mjcmaisondesuede.fr\/index.php\/wp-json\/wp\/v2\/pages\/6\/revisions"}],"predecessor-version":[{"id":17,"href":"https:\/\/mjcmaisondesuede.fr\/index.php\/wp-json\/wp\/v2\/pages\/6\/revisions\/17"}],"wp:attachment":[{"href":"https:\/\/mjcmaisondesuede.fr\/index.php\/wp-json\/wp\/v2\/media?parent=6"}],"curies":[{"name":"wp","href":"https:\/\/api.w.org\/{rel}","templated":true}]}}